{"id":7,"date":"2020-09-25T18:30:15","date_gmt":"2020-09-25T18:30:15","guid":{"rendered":"https:\/\/eon-sp.si\/?page_id=7"},"modified":"2020-09-25T21:06:49","modified_gmt":"2020-09-25T19:06:49","slug":"domov","status":"publish","type":"page","link":"https:\/\/eon-sp.si\/","title":{"rendered":"Domov"},"content":{"rendered":"\n<hr class=\"wp-block-separator\"\/>\n\n\n\n<p><strong>EON, Rajko Smole s.p.<\/strong> se ukvarja s storitvijo <strong>servisiranja in<\/strong> <strong>vzdr\u017eevanja elektro ter strojnih naprav<\/strong> v gospodinjstvih, podjetjih in ustanovah.<br><\/p>\n\n\n\n<p>Glavni cilj <strong>EON Rajko Smole s.p.<\/strong> je <strong>optimirati<\/strong> <strong>va\u0161e naprave<\/strong> in s tem dose\u010di <strong>u\u010dinkovito rabo energentov<\/strong> ter vam na ta na\u010din omogo\u010diti zni\u017eanje stro\u0161kov za rabo energije in to ne na ra\u010dun va\u0161ega udobja.<\/p>\n\n\n\n<p>Ve\u010d o na\u0161i ponudbi si lahko <a href=\"https:\/\/eon-sp.si\/?page_id=21\" data-type=\"page\" data-id=\"21\">preberete tukaj<\/a> ali nas pokli\u010dete na telefonsko \u0161tevilko <strong>040 296 603.<\/strong><\/p>\n","protected":false},"excerpt":{"rendered":"<p>EON, Rajko Smole s.p. se ukvarja s storitvijo servisiranja in vzdr\u017eevanja elektro ter strojnih naprav v gospodinjstvih, podjetjih in ustanovah. Glavni cilj EON Rajko Smole s.p. je optimirati va\u0161e naprave in s tem dose\u010di u\u010dinkovito rabo energentov ter vam na&#8230;<\/p>\n","protected":false},"author":1,"featured_media":0,"parent":0,"menu_order":0,"comment_status":"closed","ping_status":"closed","template":"","meta":{"pagelayer_contact_templates":[],"_pagelayer_content":"","footnotes":""},"class_list":["post-7","page","type-page","status-publish","hentry","no-post-thumbnail"],"_links":{"self":[{"href":"https:\/\/eon-sp.si\/index.php?rest_route=\/wp\/v2\/pages\/7","targetHints":{"allow":["GET"]}}],"collection":[{"href":"https:\/\/eon-sp.si\/index.php?rest_route=\/wp\/v2\/pages"}],"about":[{"href":"https:\/\/eon-sp.si\/index.php?rest_route=\/wp\/v2\/types\/page"}],"author":[{"embeddable":true,"href":"https:\/\/eon-sp.si\/index.php?rest_route=\/wp\/v2\/users\/1"}],"replies":[{"embeddable":true,"href":"https:\/\/eon-sp.si\/index.php?rest_route=%2Fwp%2Fv2%2Fcomments&post=7"}],"version-history":[{"count":3,"href":"https:\/\/eon-sp.si\/index.php?rest_route=\/wp\/v2\/pages\/7\/revisions"}],"predecessor-version":[{"id":36,"href":"https:\/\/eon-sp.si\/index.php?rest_route=\/wp\/v2\/pages\/7\/revisions\/36"}],"wp:attachment":[{"href":"https:\/\/eon-sp.si\/index.php?rest_route=%2Fwp%2Fv2%2Fmedia&parent=7"}],"curies":[{"name":"wp","href":"https:\/\/api.w.org\/{rel}","templated":true}]}}