{"id":23,"date":"2020-09-25T20:43:33","date_gmt":"2020-09-25T18:43:33","guid":{"rendered":"https:\/\/eon-sp.si\/?page_id=23"},"modified":"2020-09-25T21:09:24","modified_gmt":"2020-09-25T19:09:24","slug":"kontakt","status":"publish","type":"page","link":"https:\/\/eon-sp.si\/?page_id=23","title":{"rendered":"Kontakt"},"content":{"rendered":"\n<hr class=\"wp-block-separator\"\/>\n\n\n\n<p><strong>EON, VZDR\u017dEVANJE ELEKTRO IN STROJNIH NAPRAV<\/strong>,<br>RAJKO SMOLE S.P.<br><br>HRASTJE 49A<br>4000 KRANJ<\/p>\n\n\n\n<p>Mati\u010dna \u0161tevilka: 3860388000\u00a0\u00a0<br>Dav\u010dna \u0161tevilka: SI 88655733\u00a0<br>Transakcijski ra\u010dun: SI56 0700 0000 1214 530<br><\/p>\n\n\n\n<p><strong><br><\/strong>Elektronski naslov: <a href=\"mailto:rajko.smole@eon-sp.si\">rajko.smole@eon-sp.si<\/a><br>Telefon: 040 296 603<\/p>\n","protected":false},"excerpt":{"rendered":"<p>EON, VZDR\u017dEVANJE ELEKTRO IN STROJNIH NAPRAV,RAJKO SMOLE S.P. HRASTJE 49A4000 KRANJ Mati\u010dna \u0161tevilka: 3860388000\u00a0\u00a0Dav\u010dna \u0161tevilka: SI 88655733\u00a0Transakcijski ra\u010dun: SI56 0700 0000 1214 530 Elektronski naslov: rajko.smole@eon-sp.siTelefon: 040 296 603<\/p>\n","protected":false},"author":1,"featured_media":0,"parent":0,"menu_order":0,"comment_status":"closed","ping_status":"closed","template":"","meta":{"pagelayer_contact_templates":[],"_pagelayer_content":"","footnotes":""},"class_list":["post-23","page","type-page","status-publish","hentry","no-post-thumbnail"],"_links":{"self":[{"href":"https:\/\/eon-sp.si\/index.php?rest_route=\/wp\/v2\/pages\/23","targetHints":{"allow":["GET"]}}],"collection":[{"href":"https:\/\/eon-sp.si\/index.php?rest_route=\/wp\/v2\/pages"}],"about":[{"href":"https:\/\/eon-sp.si\/index.php?rest_route=\/wp\/v2\/types\/page"}],"author":[{"embeddable":true,"href":"https:\/\/eon-sp.si\/index.php?rest_route=\/wp\/v2\/users\/1"}],"replies":[{"embeddable":true,"href":"https:\/\/eon-sp.si\/index.php?rest_route=%2Fwp%2Fv2%2Fcomments&post=23"}],"version-history":[{"count":5,"href":"https:\/\/eon-sp.si\/index.php?rest_route=\/wp\/v2\/pages\/23\/revisions"}],"predecessor-version":[{"id":39,"href":"https:\/\/eon-sp.si\/index.php?rest_route=\/wp\/v2\/pages\/23\/revisions\/39"}],"wp:attachment":[{"href":"https:\/\/eon-sp.si\/index.php?rest_route=%2Fwp%2Fv2%2Fmedia&parent=23"}],"curies":[{"name":"wp","href":"https:\/\/api.w.org\/{rel}","templated":true}]}}