{"id":21,"date":"2020-09-25T20:42:56","date_gmt":"2020-09-25T18:42:56","guid":{"rendered":"https:\/\/eon-sp.si\/?page_id=21"},"modified":"2020-09-25T21:02:19","modified_gmt":"2020-09-25T19:02:19","slug":"nasa-ponudba","status":"publish","type":"page","link":"https:\/\/eon-sp.si\/?page_id=21","title":{"rendered":"Na\u0161a ponudba"},"content":{"rendered":"\n<hr class=\"wp-block-separator\"\/>\n\n\n\n<p>Storitev opravljamo na podlagi ve\u010dletnih izku\u0161enj pri priznanih Slovenskih podjetjih<strong>.<\/strong> Zaradi trenutnih gospodarskih razmer pa od leta 2010 delujemo samostojno v okviru lastnega podjetja <strong>EON<\/strong>, ki vam nudi&nbsp; <strong>servisno vzdr\u017eevalna dela na<\/strong><strong> ogrevalnih, hladilnih in prezra\u010devalnih napravah<\/strong>. Sodelujemo tudi s specializiranimi podjetji za posamezna podro\u010dja in s poobla\u0161\u010denimi serviserji, zato vam lahko v vsakem trenutku ponudimo kvalitetno, strokovno in ugodno storitev.<\/p>\n\n\n\n<p>Ponudba zajema vsa potrebna <strong>redna vzdr\u017eevalna dela<\/strong> <strong>na hladilnih, prezra\u010devalnih in ogrevalnih naprav<\/strong>, vklju\u010dno z ustreznimi rezervnimi deli. Ponudimo vam lahko <strong>storitev po naro\u010dilu<\/strong> (sprotno naro\u010danje), ali pa sklenitev letne pogodbe o <strong>vzdr\u017eevanju<\/strong>, na podlagi katere vam to\u010dno dolo\u010dimo letni stro\u0161ek in obseg vklju\u010denih storitev.<\/p>\n","protected":false},"excerpt":{"rendered":"<p>Storitev opravljamo na podlagi ve\u010dletnih izku\u0161enj pri priznanih Slovenskih podjetjih. Zaradi trenutnih gospodarskih razmer pa od leta 2010 delujemo samostojno v okviru lastnega podjetja EON, ki vam nudi&nbsp; servisno vzdr\u017eevalna dela na ogrevalnih, hladilnih in prezra\u010devalnih napravah. Sodelujemo tudi s&#8230;<\/p>\n","protected":false},"author":1,"featured_media":0,"parent":0,"menu_order":0,"comment_status":"closed","ping_status":"closed","template":"","meta":{"pagelayer_contact_templates":[],"_pagelayer_content":"","footnotes":""},"class_list":["post-21","page","type-page","status-publish","hentry","no-post-thumbnail"],"_links":{"self":[{"href":"https:\/\/eon-sp.si\/index.php?rest_route=\/wp\/v2\/pages\/21","targetHints":{"allow":["GET"]}}],"collection":[{"href":"https:\/\/eon-sp.si\/index.php?rest_route=\/wp\/v2\/pages"}],"about":[{"href":"https:\/\/eon-sp.si\/index.php?rest_route=\/wp\/v2\/types\/page"}],"author":[{"embeddable":true,"href":"https:\/\/eon-sp.si\/index.php?rest_route=\/wp\/v2\/users\/1"}],"replies":[{"embeddable":true,"href":"https:\/\/eon-sp.si\/index.php?rest_route=%2Fwp%2Fv2%2Fcomments&post=21"}],"version-history":[{"count":2,"href":"https:\/\/eon-sp.si\/index.php?rest_route=\/wp\/v2\/pages\/21\/revisions"}],"predecessor-version":[{"id":34,"href":"https:\/\/eon-sp.si\/index.php?rest_route=\/wp\/v2\/pages\/21\/revisions\/34"}],"wp:attachment":[{"href":"https:\/\/eon-sp.si\/index.php?rest_route=%2Fwp%2Fv2%2Fmedia&parent=21"}],"curies":[{"name":"wp","href":"https:\/\/api.w.org\/{rel}","templated":true}]}}